{"id":2041,"date":"2022-12-09T15:00:53","date_gmt":"2022-12-09T14:00:53","guid":{"rendered":"https:\/\/www.saiti.es\/?page_id=2041"},"modified":"2025-06-13T12:33:16","modified_gmt":"2025-06-13T11:33:16","slug":"philosophy","status":"publish","type":"page","link":"https:\/\/www.saiti.es\/en\/philosophy\/","title":{"rendered":"Philosophy"},"content":{"rendered":"\t\t<div data-elementor-type=\"wp-page\" data-elementor-id=\"2041\" class=\"elementor elementor-2041\" data-elementor-post-type=\"page\">\n\t\t\t\t\t\t<section class=\"elementor-section elementor-top-section elementor-element elementor-element-272dc8c3 elementor-section-boxed elementor-section-height-default elementor-section-height-default\" data-id=\"272dc8c3\" data-element_type=\"section\">\n\t\t\t\t\t\t<div class=\"elementor-container elementor-column-gap-default\">\n\t\t\t\t\t<div class=\"elementor-column elementor-col-100 elementor-top-column elementor-element elementor-element-25e41759\" data-id=\"25e41759\" data-element_type=\"column\">\n\t\t\t<div class=\"elementor-widget-wrap elementor-element-populated\">\n\t\t\t\t\t\t<div class=\"elementor-element elementor-element-3d47a184 elementor-widget elementor-widget-global elementor-global-542 elementor-widget-spacer\" data-id=\"3d47a184\" data-element_type=\"widget\" data-widget_type=\"spacer.default\">\n\t\t\t\t<div class=\"elementor-widget-container\">\n\t\t\t\t\t\t\t<div class=\"elementor-spacer\">\n\t\t\t<div class=\"elementor-spacer-inner\"><\/div>\n\t\t<\/div>\n\t\t\t\t\t\t<\/div>\n\t\t\t\t<\/div>\n\t\t\t\t<div class=\"elementor-element elementor-element-7e6e2a18 elementor-widget elementor-widget-heading\" data-id=\"7e6e2a18\" data-element_type=\"widget\" data-widget_type=\"heading.default\">\n\t\t\t\t<div class=\"elementor-widget-container\">\n\t\t\t\t\t<h2 class=\"elementor-heading-title elementor-size-xxl\">Philosophy<\/h2>\t\t\t\t<\/div>\n\t\t\t\t<\/div>\n\t\t\t\t<div class=\"elementor-element elementor-element-64a3047c elementor-widget elementor-widget-global elementor-global-542 elementor-widget-spacer\" data-id=\"64a3047c\" data-element_type=\"widget\" data-widget_type=\"spacer.default\">\n\t\t\t\t<div class=\"elementor-widget-container\">\n\t\t\t\t\t\t\t<div class=\"elementor-spacer\">\n\t\t\t<div class=\"elementor-spacer-inner\"><\/div>\n\t\t<\/div>\n\t\t\t\t\t\t<\/div>\n\t\t\t\t<\/div>\n\t\t\t\t\t<\/div>\n\t\t<\/div>\n\t\t\t\t\t<\/div>\n\t\t<\/section>\n\t\t\t\t<section class=\"elementor-section elementor-top-section elementor-element elementor-element-bac8af7 elementor-section-full_width elementor-section-height-full elementor-section-height-default elementor-section-items-middle\" data-id=\"bac8af7\" data-element_type=\"section\" data-settings=\"{&quot;background_background&quot;:&quot;classic&quot;}\">\n\t\t\t\t\t\t<div class=\"elementor-container elementor-column-gap-default\">\n\t\t\t\t\t<div class=\"elementor-column elementor-col-100 elementor-top-column elementor-element elementor-element-1fdbe40\" data-id=\"1fdbe40\" data-element_type=\"column\">\n\t\t\t<div class=\"elementor-widget-wrap elementor-element-populated\">\n\t\t\t\t\t\t<div class=\"elementor-element elementor-element-775a912 elementor-widget elementor-widget-spacer\" data-id=\"775a912\" data-element_type=\"widget\" data-widget_type=\"spacer.default\">\n\t\t\t\t<div class=\"elementor-widget-container\">\n\t\t\t\t\t\t\t<div class=\"elementor-spacer\">\n\t\t\t<div class=\"elementor-spacer-inner\"><\/div>\n\t\t<\/div>\n\t\t\t\t\t\t<\/div>\n\t\t\t\t<\/div>\n\t\t\t\t\t<\/div>\n\t\t<\/div>\n\t\t\t\t\t<\/div>\n\t\t<\/section>\n\t\t<div class=\"elementor-element elementor-element-c6d29c1 e-flex e-con-boxed elementor-invisible e-con e-parent\" data-id=\"c6d29c1\" data-element_type=\"container\" data-settings=\"{&quot;animation&quot;:&quot;slideInRight&quot;}\">\n\t\t\t\t\t<div class=\"e-con-inner\">\n\t\t\t\t<div class=\"elementor-element elementor-element-dde82b1 elementor-position-left elementor-view-default elementor-mobile-position-top elementor-vertical-align-top elementor-widget elementor-widget-icon-box\" data-id=\"dde82b1\" data-element_type=\"widget\" data-widget_type=\"icon-box.default\">\n\t\t\t\t<div class=\"elementor-widget-container\">\n\t\t\t\t\t\t\t<div class=\"elementor-icon-box-wrapper\">\n\n\t\t\t\t\t\t<div class=\"elementor-icon-box-icon\">\n\t\t\t\t<span  class=\"elementor-icon\">\n\t\t\t\t<svg aria-hidden=\"true\" class=\"e-font-icon-svg e-fas-stream\" viewBox=\"0 0 512 512\" xmlns=\"http:\/\/www.w3.org\/2000\/svg\"><path d=\"M16 128h416c8.84 0 16-7.16 16-16V48c0-8.84-7.16-16-16-16H16C7.16 32 0 39.16 0 48v64c0 8.84 7.16 16 16 16zm480 80H80c-8.84 0-16 7.16-16 16v64c0 8.84 7.16 16 16 16h416c8.84 0 16-7.16 16-16v-64c0-8.84-7.16-16-16-16zm-64 176H16c-8.84 0-16 7.16-16 16v64c0 8.84 7.16 16 16 16h416c8.84 0 16-7.16 16-16v-64c0-8.84-7.16-16-16-16z\"><\/path><\/svg>\t\t\t\t<\/span>\n\t\t\t<\/div>\n\t\t\t\n\t\t\t\t\t\t<div class=\"elementor-icon-box-content\">\n\n\t\t\t\t\t\t\t\t\t<h3 class=\"elementor-icon-box-title\">\n\t\t\t\t\t\t<span  >\n\t\t\t\t\t\t\tCommitment to Sustainability\t\t\t\t\t\t<\/span>\n\t\t\t\t\t<\/h3>\n\t\t\t\t\n\t\t\t\t\t\t\t\t\t<p class=\"elementor-icon-box-description\">\n\t\t\t\t\t\tAt Saiti, we believe in the importance of sustainability. We strive to reduce our environmental impact by selecting local suppliers, using organic products whenever possible, and minimizing food waste. Our commitment to the environment is as strong as our passion for gastronomy.\t\t\t\t\t<\/p>\n\t\t\t\t\n\t\t\t<\/div>\n\t\t\t\n\t\t<\/div>\n\t\t\t\t\t\t<\/div>\n\t\t\t\t<\/div>\n\t\t\t\t\t<\/div>\n\t\t\t\t<\/div>\n\t\t\t\t<section class=\"elementor-section elementor-top-section elementor-element elementor-element-384ed513 elementor-section-content-middle elementor-section-boxed elementor-section-height-default elementor-section-height-default\" data-id=\"384ed513\" data-element_type=\"section\">\n\t\t\t\t\t\t<div class=\"elementor-container elementor-column-gap-no\">\n\t\t\t\t\t<div class=\"elementor-column elementor-col-50 elementor-top-column elementor-element elementor-element-19148dea elementor-invisible\" data-id=\"19148dea\" data-element_type=\"column\" data-settings=\"{&quot;animation&quot;:&quot;slideInLeft&quot;}\">\n\t\t\t<div class=\"elementor-widget-wrap elementor-element-populated\">\n\t\t\t\t\t\t<div class=\"elementor-element elementor-element-30c01608 elementor-position-left elementor-view-default elementor-mobile-position-top elementor-vertical-align-top elementor-widget elementor-widget-icon-box\" data-id=\"30c01608\" data-element_type=\"widget\" data-widget_type=\"icon-box.default\">\n\t\t\t\t<div class=\"elementor-widget-container\">\n\t\t\t\t\t\t\t<div class=\"elementor-icon-box-wrapper\">\n\n\t\t\t\t\t\t<div class=\"elementor-icon-box-icon\">\n\t\t\t\t<span  class=\"elementor-icon\">\n\t\t\t\t<svg aria-hidden=\"true\" class=\"e-font-icon-svg e-fas-stream\" viewBox=\"0 0 512 512\" xmlns=\"http:\/\/www.w3.org\/2000\/svg\"><path d=\"M16 128h416c8.84 0 16-7.16 16-16V48c0-8.84-7.16-16-16-16H16C7.16 32 0 39.16 0 48v64c0 8.84 7.16 16 16 16zm480 80H80c-8.84 0-16 7.16-16 16v64c0 8.84 7.16 16 16 16h416c8.84 0 16-7.16 16-16v-64c0-8.84-7.16-16-16-16zm-64 176H16c-8.84 0-16 7.16-16 16v64c0 8.84 7.16 16 16 16h416c8.84 0 16-7.16 16-16v-64c0-8.84-7.16-16-16-16z\"><\/path><\/svg>\t\t\t\t<\/span>\n\t\t\t<\/div>\n\t\t\t\n\t\t\t\t\t\t<div class=\"elementor-icon-box-content\">\n\n\t\t\t\t\t\t\t\t\t<h3 class=\"elementor-icon-box-title\">\n\t\t\t\t\t\t<span  >\n\t\t\t\t\t\t\tTradition\t\t\t\t\t\t<\/span>\n\t\t\t\t\t<\/h3>\n\t\t\t\t\n\t\t\t\t\t\t\t\t\t<p class=\"elementor-icon-box-description\">\n\t\t\t\t\t\tOur cuisine is a tribute to tradition, where each ingredient is treated with respect. We combine classic techniques with a touch of modernity, creating dishes that honor our culinary roots.\t\t\t\t\t<\/p>\n\t\t\t\t\n\t\t\t<\/div>\n\t\t\t\n\t\t<\/div>\n\t\t\t\t\t\t<\/div>\n\t\t\t\t<\/div>\n\t\t\t\t<div class=\"elementor-element elementor-element-accb9a2 elementor-position-left elementor-view-default elementor-mobile-position-top elementor-vertical-align-top elementor-widget elementor-widget-icon-box\" data-id=\"accb9a2\" data-element_type=\"widget\" data-widget_type=\"icon-box.default\">\n\t\t\t\t<div class=\"elementor-widget-container\">\n\t\t\t\t\t\t\t<div class=\"elementor-icon-box-wrapper\">\n\n\t\t\t\t\t\t<div class=\"elementor-icon-box-icon\">\n\t\t\t\t<span  class=\"elementor-icon\">\n\t\t\t\t<svg aria-hidden=\"true\" class=\"e-font-icon-svg e-fas-stream\" viewBox=\"0 0 512 512\" xmlns=\"http:\/\/www.w3.org\/2000\/svg\"><path d=\"M16 128h416c8.84 0 16-7.16 16-16V48c0-8.84-7.16-16-16-16H16C7.16 32 0 39.16 0 48v64c0 8.84 7.16 16 16 16zm480 80H80c-8.84 0-16 7.16-16 16v64c0 8.84 7.16 16 16 16h416c8.84 0 16-7.16 16-16v-64c0-8.84-7.16-16-16-16zm-64 176H16c-8.84 0-16 7.16-16 16v64c0 8.84 7.16 16 16 16h416c8.84 0 16-7.16 16-16v-64c0-8.84-7.16-16-16-16z\"><\/path><\/svg>\t\t\t\t<\/span>\n\t\t\t<\/div>\n\t\t\t\n\t\t\t\t\t\t<div class=\"elementor-icon-box-content\">\n\n\t\t\t\t\t\t\t\t\t<h3 class=\"elementor-icon-box-title\">\n\t\t\t\t\t\t<span  >\n\t\t\t\t\t\t\tSeasonal Products\t\t\t\t\t\t<\/span>\n\t\t\t\t\t<\/h3>\n\t\t\t\t\n\t\t\t\t\t\t\t\t\t<p class=\"elementor-icon-box-description\">\n\t\t\t\t\t\tWe adapt our menus to the seasons, ensuring freshness and quality in every dish. Four times a year, we renew our offerings to bring you the best of each season.\t\t\t\t\t<\/p>\n\t\t\t\t\n\t\t\t<\/div>\n\t\t\t\n\t\t<\/div>\n\t\t\t\t\t\t<\/div>\n\t\t\t\t<\/div>\n\t\t\t\t<div class=\"elementor-element elementor-element-604fe9c elementor-position-left elementor-view-default elementor-mobile-position-top elementor-vertical-align-top elementor-widget elementor-widget-icon-box\" data-id=\"604fe9c\" data-element_type=\"widget\" data-widget_type=\"icon-box.default\">\n\t\t\t\t<div class=\"elementor-widget-container\">\n\t\t\t\t\t\t\t<div class=\"elementor-icon-box-wrapper\">\n\n\t\t\t\t\t\t<div class=\"elementor-icon-box-icon\">\n\t\t\t\t<span  class=\"elementor-icon\">\n\t\t\t\t<svg aria-hidden=\"true\" class=\"e-font-icon-svg e-fas-stream\" viewBox=\"0 0 512 512\" xmlns=\"http:\/\/www.w3.org\/2000\/svg\"><path d=\"M16 128h416c8.84 0 16-7.16 16-16V48c0-8.84-7.16-16-16-16H16C7.16 32 0 39.16 0 48v64c0 8.84 7.16 16 16 16zm480 80H80c-8.84 0-16 7.16-16 16v64c0 8.84 7.16 16 16 16h416c8.84 0 16-7.16 16-16v-64c0-8.84-7.16-16-16-16zm-64 176H16c-8.84 0-16 7.16-16 16v64c0 8.84 7.16 16 16 16h416c8.84 0 16-7.16 16-16v-64c0-8.84-7.16-16-16-16z\"><\/path><\/svg>\t\t\t\t<\/span>\n\t\t\t<\/div>\n\t\t\t\n\t\t\t\t\t\t<div class=\"elementor-icon-box-content\">\n\n\t\t\t\t\t\t\t\t\t<h3 class=\"elementor-icon-box-title\">\n\t\t\t\t\t\t<span  >\n\t\t\t\t\t\t\tWine Cellar\t\t\t\t\t\t<\/span>\n\t\t\t\t\t<\/h3>\n\t\t\t\t\n\t\t\t\t\t\t\t\t\t<p class=\"elementor-icon-box-description\">\n\t\t\t\t\t\tOur cellar, with over 140 references, is carefully selected and updated by our sommelier. Each bottle is chosen to perfectly complement our cuisine, ensuring an unparalleled pairing.\t\t\t\t\t<\/p>\n\t\t\t\t\n\t\t\t<\/div>\n\t\t\t\n\t\t<\/div>\n\t\t\t\t\t\t<\/div>\n\t\t\t\t<\/div>\n\t\t\t\t\t<\/div>\n\t\t<\/div>\n\t\t\t\t<div class=\"elementor-column elementor-col-50 elementor-top-column elementor-element elementor-element-1e4f3e16\" data-id=\"1e4f3e16\" data-element_type=\"column\" data-settings=\"{&quot;background_background&quot;:&quot;classic&quot;}\">\n\t\t\t<div class=\"elementor-widget-wrap elementor-element-populated\">\n\t\t\t\t\t<div class=\"elementor-background-overlay\"><\/div>\n\t\t\t\t\t\t<div class=\"elementor-element elementor-element-9a1becf elementor-invisible elementor-widget elementor-widget-image\" data-id=\"9a1becf\" data-element_type=\"widget\" data-settings=\"{&quot;_animation&quot;:&quot;fadeIn&quot;}\" data-widget_type=\"image.default\">\n\t\t\t\t<div class=\"elementor-widget-container\">\n\t\t\t\t\t\t\t\t\t\t\t\t\t\t\t<img fetchpriority=\"high\" decoding=\"async\" width=\"1920\" height=\"1280\" src=\"https:\/\/www.saiti.es\/wp-content\/uploads\/2024\/08\/Saiti049.webp\" class=\"attachment-full size-full wp-image-4639\" alt=\"\" \/>\t\t\t\t\t\t\t\t\t\t\t\t\t\t\t<\/div>\n\t\t\t\t<\/div>\n\t\t\t\t\t<\/div>\n\t\t<\/div>\n\t\t\t\t\t<\/div>\n\t\t<\/section>\n\t\t<div class=\"elementor-element elementor-element-30ad835 e-flex e-con-boxed elementor-invisible e-con e-parent\" data-id=\"30ad835\" data-element_type=\"container\" data-settings=\"{&quot;animation&quot;:&quot;slideInUp&quot;}\">\n\t\t\t\t\t<div class=\"e-con-inner\">\n\t\t\t\t<div class=\"elementor-element elementor-element-13e8870 elementor-position-left elementor-view-default elementor-mobile-position-top elementor-vertical-align-top elementor-widget elementor-widget-icon-box\" data-id=\"13e8870\" data-element_type=\"widget\" data-widget_type=\"icon-box.default\">\n\t\t\t\t<div class=\"elementor-widget-container\">\n\t\t\t\t\t\t\t<div class=\"elementor-icon-box-wrapper\">\n\n\t\t\t\t\t\t<div class=\"elementor-icon-box-icon\">\n\t\t\t\t<span  class=\"elementor-icon\">\n\t\t\t\t<svg aria-hidden=\"true\" class=\"e-font-icon-svg e-fas-stream\" viewBox=\"0 0 512 512\" xmlns=\"http:\/\/www.w3.org\/2000\/svg\"><path d=\"M16 128h416c8.84 0 16-7.16 16-16V48c0-8.84-7.16-16-16-16H16C7.16 32 0 39.16 0 48v64c0 8.84 7.16 16 16 16zm480 80H80c-8.84 0-16 7.16-16 16v64c0 8.84 7.16 16 16 16h416c8.84 0 16-7.16 16-16v-64c0-8.84-7.16-16-16-16zm-64 176H16c-8.84 0-16 7.16-16 16v64c0 8.84 7.16 16 16 16h416c8.84 0 16-7.16 16-16v-64c0-8.84-7.16-16-16-16z\"><\/path><\/svg>\t\t\t\t<\/span>\n\t\t\t<\/div>\n\t\t\t\n\t\t\t\t\t\t<div class=\"elementor-icon-box-content\">\n\n\t\t\t\t\t\t\t\t\t<h3 class=\"elementor-icon-box-title\">\n\t\t\t\t\t\t<span  >\n\t\t\t\t\t\t\tInnovation and Creativity\t\t\t\t\t\t<\/span>\n\t\t\t\t\t<\/h3>\n\t\t\t\t\n\t\t\t\t\t\t\t\t\t<p class=\"elementor-icon-box-description\">\n\t\t\t\t\t\tCreativity is our compass. We experiment with new techniques and flavor combinations to surprise and delight our diners, always respecting the essence of traditional cuisine.\t\t\t\t\t<\/p>\n\t\t\t\t\n\t\t\t<\/div>\n\t\t\t\n\t\t<\/div>\n\t\t\t\t\t\t<\/div>\n\t\t\t\t<\/div>\n\t\t\t\t\t<\/div>\n\t\t\t\t<\/div>\n\t\t\t\t<section class=\"elementor-section elementor-top-section elementor-element elementor-element-293dbd9 elementor-section-full_width elementor-section-height-min-height elementor-section-height-default elementor-section-items-middle\" data-id=\"293dbd9\" data-element_type=\"section\" data-settings=\"{&quot;background_background&quot;:&quot;classic&quot;}\">\n\t\t\t\t\t\t<div class=\"elementor-container elementor-column-gap-default\">\n\t\t\t\t\t<div class=\"elementor-column elementor-col-100 elementor-top-column elementor-element elementor-element-ba342f0\" data-id=\"ba342f0\" data-element_type=\"column\">\n\t\t\t<div class=\"elementor-widget-wrap elementor-element-populated\">\n\t\t\t\t\t\t<div class=\"elementor-element elementor-element-0c0b5f3 elementor-widget elementor-widget-spacer\" data-id=\"0c0b5f3\" data-element_type=\"widget\" data-widget_type=\"spacer.default\">\n\t\t\t\t<div class=\"elementor-widget-container\">\n\t\t\t\t\t\t\t<div class=\"elementor-spacer\">\n\t\t\t<div class=\"elementor-spacer-inner\"><\/div>\n\t\t<\/div>\n\t\t\t\t\t\t<\/div>\n\t\t\t\t<\/div>\n\t\t\t\t\t<\/div>\n\t\t<\/div>\n\t\t\t\t\t<\/div>\n\t\t<\/section>\n\t\t\t\t<section class=\"elementor-section elementor-top-section elementor-element elementor-element-ae58492 elementor-section-boxed elementor-section-height-default elementor-section-height-default\" data-id=\"ae58492\" data-element_type=\"section\">\n\t\t\t\t\t\t<div class=\"elementor-container elementor-column-gap-default\">\n\t\t\t\t\t<div class=\"elementor-column elementor-col-100 elementor-top-column elementor-element elementor-element-934cac6\" data-id=\"934cac6\" data-element_type=\"column\">\n\t\t\t<div class=\"elementor-widget-wrap elementor-element-populated\">\n\t\t\t\t\t\t<div class=\"elementor-element elementor-element-82509f8 elementor-widget elementor-widget-global elementor-global-536 elementor-widget-spacer\" data-id=\"82509f8\" data-element_type=\"widget\" data-widget_type=\"spacer.default\">\n\t\t\t\t<div class=\"elementor-widget-container\">\n\t\t\t\t\t\t\t<div class=\"elementor-spacer\">\n\t\t\t<div class=\"elementor-spacer-inner\"><\/div>\n\t\t<\/div>\n\t\t\t\t\t\t<\/div>\n\t\t\t\t<\/div>\n\t\t\t\t\t<\/div>\n\t\t<\/div>\n\t\t\t\t\t<\/div>\n\t\t<\/section>\n\t\t\t\t<\/div>\n\t\t","protected":false},"excerpt":{"rendered":"<p>Philosophy Commitment to Sustainability At Saiti, we believe in the importance of sustainability. We strive to reduce our environmental impact by selecting local suppliers, using organic products whenever possible, and minimizing food waste. Our commitment to the environment is as strong as our passion for gastronomy. Tradition Our cuisine is a tribute to tradition, where [&hellip;]<\/p>\n","protected":false},"author":1,"featured_media":4632,"parent":0,"menu_order":0,"comment_status":"closed","ping_status":"closed","template":"","meta":{"footnotes":""},"class_list":["post-2041","page","type-page","status-publish","has-post-thumbnail","hentry"],"yoast_head":"<!-- This site is optimized with the Yoast SEO plugin v25.0 - https:\/\/yoast.com\/wordpress\/plugins\/seo\/ -->\n<title>Philosophy - Saiti Restaurant (Valencia)<\/title>\n<meta name=\"description\" content=\"Our philosophy is based on three core pillars: tradition, seasonal products, and a diverse wine cellar.\" \/>\n<meta name=\"robots\" content=\"index, follow, max-snippet:-1, max-image-preview:large, max-video-preview:-1\" \/>\n<link rel=\"canonical\" href=\"https:\/\/www.saiti.es\/en\/philosophy\/\" \/>\n<meta property=\"og:locale\" content=\"en_US\" \/>\n<meta property=\"og:type\" content=\"article\" \/>\n<meta property=\"og:title\" content=\"Philosophy - Saiti Restaurant (Valencia)\" \/>\n<meta property=\"og:description\" content=\"Our philosophy is based on three core pillars: tradition, seasonal products, and a diverse wine cellar.\" \/>\n<meta property=\"og:url\" content=\"https:\/\/www.saiti.es\/en\/philosophy\/\" \/>\n<meta property=\"og:site_name\" content=\"Restaurante Saiti\" \/>\n<meta property=\"article:publisher\" content=\"https:\/\/www.facebook.com\/saitiexperiencevalencia\" \/>\n<meta property=\"article:modified_time\" content=\"2025-06-13T11:33:16+00:00\" \/>\n<meta name=\"twitter:card\" content=\"summary_large_image\" \/>\n<meta name=\"twitter:title\" content=\"Philosophy - Saiti Restaurant (Valencia)\" \/>\n<meta name=\"twitter:description\" content=\"Our philosophy is based on three core pillars: tradition, seasonal products, and a diverse wine cellar.\" \/>\n<meta name=\"twitter:site\" content=\"@saitiexperience\" \/>\n<meta name=\"twitter:label1\" content=\"Est. reading time\" \/>\n\t<meta name=\"twitter:data1\" content=\"1 minute\" \/>\n<script type=\"application\/ld+json\" class=\"yoast-schema-graph\">{\"@context\":\"https:\/\/schema.org\",\"@graph\":[{\"@type\":\"WebPage\",\"@id\":\"https:\/\/www.saiti.es\/en\/philosophy\/\",\"url\":\"https:\/\/www.saiti.es\/en\/philosophy\/\",\"name\":\"Philosophy - Saiti Restaurant (Valencia)\",\"isPartOf\":{\"@id\":\"https:\/\/www.saiti.es\/#website\"},\"primaryImageOfPage\":{\"@id\":\"https:\/\/www.saiti.es\/en\/philosophy\/#primaryimage\"},\"image\":{\"@id\":\"https:\/\/www.saiti.es\/en\/philosophy\/#primaryimage\"},\"thumbnailUrl\":\"https:\/\/www.saiti.es\/wp-content\/uploads\/2024\/08\/Saiti058.webp\",\"datePublished\":\"2022-12-09T14:00:53+00:00\",\"dateModified\":\"2025-06-13T11:33:16+00:00\",\"description\":\"Our philosophy is based on three core pillars: tradition, seasonal products, and a diverse wine cellar.\",\"breadcrumb\":{\"@id\":\"https:\/\/www.saiti.es\/en\/philosophy\/#breadcrumb\"},\"inLanguage\":\"en-US\",\"potentialAction\":[{\"@type\":\"ReadAction\",\"target\":[\"https:\/\/www.saiti.es\/en\/philosophy\/\"]}]},{\"@type\":\"ImageObject\",\"inLanguage\":\"en-US\",\"@id\":\"https:\/\/www.saiti.es\/en\/philosophy\/#primaryimage\",\"url\":\"https:\/\/www.saiti.es\/wp-content\/uploads\/2024\/08\/Saiti058.webp\",\"contentUrl\":\"https:\/\/www.saiti.es\/wp-content\/uploads\/2024\/08\/Saiti058.webp\",\"width\":1829,\"height\":1280},{\"@type\":\"BreadcrumbList\",\"@id\":\"https:\/\/www.saiti.es\/en\/philosophy\/#breadcrumb\",\"itemListElement\":[{\"@type\":\"ListItem\",\"position\":1,\"name\":\"Saiti\",\"item\":\"https:\/\/www.saiti.es\/en\/\"},{\"@type\":\"ListItem\",\"position\":2,\"name\":\"Philosophy\"}]},{\"@type\":\"WebSite\",\"@id\":\"https:\/\/www.saiti.es\/#website\",\"url\":\"https:\/\/www.saiti.es\/\",\"name\":\"Restaurante Saiti (Valencia)\",\"description\":\"Restaurante Saiti (Valencia) de Vicente Pati\u00f1o, cocina de temporada, respetando la tradici\u00f3n y el producto. 2 Soles Gu\u00eda Repsol y Michelin 2022.\",\"publisher\":{\"@id\":\"https:\/\/www.saiti.es\/#organization\"},\"alternateName\":\"Restaurante Saiti - Vicente Pati\u00f1o\",\"potentialAction\":[{\"@type\":\"SearchAction\",\"target\":{\"@type\":\"EntryPoint\",\"urlTemplate\":\"https:\/\/www.saiti.es\/?s={search_term_string}\"},\"query-input\":{\"@type\":\"PropertyValueSpecification\",\"valueRequired\":true,\"valueName\":\"search_term_string\"}}],\"inLanguage\":\"en-US\"},{\"@type\":\"Organization\",\"@id\":\"https:\/\/www.saiti.es\/#organization\",\"name\":\"Restaurante Saiti\",\"alternateName\":\"Saiti\",\"url\":\"https:\/\/www.saiti.es\/\",\"logo\":{\"@type\":\"ImageObject\",\"inLanguage\":\"en-US\",\"@id\":\"https:\/\/www.saiti.es\/#\/schema\/logo\/image\/\",\"url\":\"https:\/\/www.saiti.es\/wp-content\/uploads\/2022\/11\/LogoSaitiBlanco_512-1.webp\",\"contentUrl\":\"https:\/\/www.saiti.es\/wp-content\/uploads\/2022\/11\/LogoSaitiBlanco_512-1.webp\",\"width\":512,\"height\":512,\"caption\":\"Restaurante Saiti\"},\"image\":{\"@id\":\"https:\/\/www.saiti.es\/#\/schema\/logo\/image\/\"},\"sameAs\":[\"https:\/\/www.facebook.com\/saitiexperiencevalencia\",\"https:\/\/x.com\/saitiexperience\",\"https:\/\/www.instagram.com\/saitiexperience\/\"]}]}<\/script>\n<!-- \/ Yoast SEO plugin. -->","yoast_head_json":{"title":"Philosophy - Saiti Restaurant (Valencia)","description":"Our philosophy is based on three core pillars: tradition, seasonal products, and a diverse wine cellar.","robots":{"index":"index","follow":"follow","max-snippet":"max-snippet:-1","max-image-preview":"max-image-preview:large","max-video-preview":"max-video-preview:-1"},"canonical":"https:\/\/www.saiti.es\/en\/philosophy\/","og_locale":"en_US","og_type":"article","og_title":"Philosophy - Saiti Restaurant (Valencia)","og_description":"Our philosophy is based on three core pillars: tradition, seasonal products, and a diverse wine cellar.","og_url":"https:\/\/www.saiti.es\/en\/philosophy\/","og_site_name":"Restaurante Saiti","article_publisher":"https:\/\/www.facebook.com\/saitiexperiencevalencia","article_modified_time":"2025-06-13T11:33:16+00:00","twitter_card":"summary_large_image","twitter_title":"Philosophy - Saiti Restaurant (Valencia)","twitter_description":"Our philosophy is based on three core pillars: tradition, seasonal products, and a diverse wine cellar.","twitter_site":"@saitiexperience","twitter_misc":{"Est. reading time":"1 minute"},"schema":{"@context":"https:\/\/schema.org","@graph":[{"@type":"WebPage","@id":"https:\/\/www.saiti.es\/en\/philosophy\/","url":"https:\/\/www.saiti.es\/en\/philosophy\/","name":"Philosophy - Saiti Restaurant (Valencia)","isPartOf":{"@id":"https:\/\/www.saiti.es\/#website"},"primaryImageOfPage":{"@id":"https:\/\/www.saiti.es\/en\/philosophy\/#primaryimage"},"image":{"@id":"https:\/\/www.saiti.es\/en\/philosophy\/#primaryimage"},"thumbnailUrl":"https:\/\/www.saiti.es\/wp-content\/uploads\/2024\/08\/Saiti058.webp","datePublished":"2022-12-09T14:00:53+00:00","dateModified":"2025-06-13T11:33:16+00:00","description":"Our philosophy is based on three core pillars: tradition, seasonal products, and a diverse wine cellar.","breadcrumb":{"@id":"https:\/\/www.saiti.es\/en\/philosophy\/#breadcrumb"},"inLanguage":"en-US","potentialAction":[{"@type":"ReadAction","target":["https:\/\/www.saiti.es\/en\/philosophy\/"]}]},{"@type":"ImageObject","inLanguage":"en-US","@id":"https:\/\/www.saiti.es\/en\/philosophy\/#primaryimage","url":"https:\/\/www.saiti.es\/wp-content\/uploads\/2024\/08\/Saiti058.webp","contentUrl":"https:\/\/www.saiti.es\/wp-content\/uploads\/2024\/08\/Saiti058.webp","width":1829,"height":1280},{"@type":"BreadcrumbList","@id":"https:\/\/www.saiti.es\/en\/philosophy\/#breadcrumb","itemListElement":[{"@type":"ListItem","position":1,"name":"Saiti","item":"https:\/\/www.saiti.es\/en\/"},{"@type":"ListItem","position":2,"name":"Philosophy"}]},{"@type":"WebSite","@id":"https:\/\/www.saiti.es\/#website","url":"https:\/\/www.saiti.es\/","name":"Restaurante Saiti (Valencia)","description":"Restaurante Saiti (Valencia) de Vicente Pati\u00f1o, cocina de temporada, respetando la tradici\u00f3n y el producto. 2 Soles Gu\u00eda Repsol y Michelin 2022.","publisher":{"@id":"https:\/\/www.saiti.es\/#organization"},"alternateName":"Restaurante Saiti - Vicente Pati\u00f1o","potentialAction":[{"@type":"SearchAction","target":{"@type":"EntryPoint","urlTemplate":"https:\/\/www.saiti.es\/?s={search_term_string}"},"query-input":{"@type":"PropertyValueSpecification","valueRequired":true,"valueName":"search_term_string"}}],"inLanguage":"en-US"},{"@type":"Organization","@id":"https:\/\/www.saiti.es\/#organization","name":"Restaurante Saiti","alternateName":"Saiti","url":"https:\/\/www.saiti.es\/","logo":{"@type":"ImageObject","inLanguage":"en-US","@id":"https:\/\/www.saiti.es\/#\/schema\/logo\/image\/","url":"https:\/\/www.saiti.es\/wp-content\/uploads\/2022\/11\/LogoSaitiBlanco_512-1.webp","contentUrl":"https:\/\/www.saiti.es\/wp-content\/uploads\/2022\/11\/LogoSaitiBlanco_512-1.webp","width":512,"height":512,"caption":"Restaurante Saiti"},"image":{"@id":"https:\/\/www.saiti.es\/#\/schema\/logo\/image\/"},"sameAs":["https:\/\/www.facebook.com\/saitiexperiencevalencia","https:\/\/x.com\/saitiexperience","https:\/\/www.instagram.com\/saitiexperience\/"]}]}},"_links":{"self":[{"href":"https:\/\/www.saiti.es\/en\/wp-json\/wp\/v2\/pages\/2041","targetHints":{"allow":["GET"]}}],"collection":[{"href":"https:\/\/www.saiti.es\/en\/wp-json\/wp\/v2\/pages"}],"about":[{"href":"https:\/\/www.saiti.es\/en\/wp-json\/wp\/v2\/types\/page"}],"author":[{"embeddable":true,"href":"https:\/\/www.saiti.es\/en\/wp-json\/wp\/v2\/users\/1"}],"replies":[{"embeddable":true,"href":"https:\/\/www.saiti.es\/en\/wp-json\/wp\/v2\/comments?post=2041"}],"version-history":[{"count":20,"href":"https:\/\/www.saiti.es\/en\/wp-json\/wp\/v2\/pages\/2041\/revisions"}],"predecessor-version":[{"id":5620,"href":"https:\/\/www.saiti.es\/en\/wp-json\/wp\/v2\/pages\/2041\/revisions\/5620"}],"wp:featuredmedia":[{"embeddable":true,"href":"https:\/\/www.saiti.es\/en\/wp-json\/wp\/v2\/media\/4632"}],"wp:attachment":[{"href":"https:\/\/www.saiti.es\/en\/wp-json\/wp\/v2\/media?parent=2041"}],"curies":[{"name":"wp","href":"https:\/\/api.w.org\/{rel}","templated":true}]}}