{"id":2061,"date":"2022-12-09T15:00:43","date_gmt":"2022-12-09T14:00:43","guid":{"rendered":"https:\/\/www.saiti.es\/?page_id=2061"},"modified":"2025-11-13T16:38:39","modified_gmt":"2025-11-13T15:38:39","slug":"gift","status":"publish","type":"page","link":"https:\/\/www.saiti.es\/en\/gift\/","title":{"rendered":"Gift"},"content":{"rendered":"\t\t<div data-elementor-type=\"wp-page\" data-elementor-id=\"2061\" class=\"elementor elementor-2061\" data-elementor-post-type=\"page\">\n\t\t\t\t\t\t<section class=\"elementor-section elementor-top-section elementor-element elementor-element-4b60a8ec elementor-section-boxed elementor-section-height-default elementor-section-height-default\" data-id=\"4b60a8ec\" data-element_type=\"section\">\n\t\t\t\t\t\t<div class=\"elementor-container elementor-column-gap-default\">\n\t\t\t\t\t<div class=\"elementor-column elementor-col-100 elementor-top-column elementor-element elementor-element-1c9674b7\" data-id=\"1c9674b7\" data-element_type=\"column\">\n\t\t\t<div class=\"elementor-widget-wrap elementor-element-populated\">\n\t\t\t\t\t\t<div class=\"elementor-element elementor-element-1d0c2578 elementor-widget elementor-widget-global elementor-global-542 elementor-widget-spacer\" data-id=\"1d0c2578\" data-element_type=\"widget\" data-widget_type=\"spacer.default\">\n\t\t\t\t<div class=\"elementor-widget-container\">\n\t\t\t\t\t\t\t<div class=\"elementor-spacer\">\n\t\t\t<div class=\"elementor-spacer-inner\"><\/div>\n\t\t<\/div>\n\t\t\t\t\t\t<\/div>\n\t\t\t\t<\/div>\n\t\t\t\t<div class=\"elementor-element elementor-element-470a6837 elementor-widget elementor-widget-heading\" data-id=\"470a6837\" data-element_type=\"widget\" data-widget_type=\"heading.default\">\n\t\t\t\t<div class=\"elementor-widget-container\">\n\t\t\t\t\t<h2 class=\"elementor-heading-title elementor-size-xxl\">Gift Saiti<\/h2>\t\t\t\t<\/div>\n\t\t\t\t<\/div>\n\t\t\t\t<div class=\"elementor-element elementor-element-6830832c elementor-widget elementor-widget-global elementor-global-542 elementor-widget-spacer\" data-id=\"6830832c\" data-element_type=\"widget\" data-widget_type=\"spacer.default\">\n\t\t\t\t<div class=\"elementor-widget-container\">\n\t\t\t\t\t\t\t<div class=\"elementor-spacer\">\n\t\t\t<div class=\"elementor-spacer-inner\"><\/div>\n\t\t<\/div>\n\t\t\t\t\t\t<\/div>\n\t\t\t\t<\/div>\n\t\t\t\t\t<\/div>\n\t\t<\/div>\n\t\t\t\t\t<\/div>\n\t\t<\/section>\n\t\t<div class=\"elementor-element elementor-element-15e10a4 e-flex e-con-boxed e-con e-parent\" data-id=\"15e10a4\" data-element_type=\"container\">\n\t\t\t\t\t<div class=\"e-con-inner\">\n\t\t\t\t<div class=\"elementor-element elementor-element-f9a092c elementor-widget elementor-widget-text-editor\" data-id=\"f9a092c\" data-element_type=\"widget\" data-widget_type=\"text-editor.default\">\n\t\t\t\t<div class=\"elementor-widget-container\">\n\t\t\t\t\t\t\t\t\t<p>Gift a culinary experience that will be remembered. At Saiti, each gift voucher is an invitation to enjoy special moments, surrounded by unique flavors and a cozy atmosphere. It\u2019s more than just a meal; it\u2019s a gesture of love that allows your loved ones to experience something they will cherish.<\/p>\t\t\t\t\t\t\t\t<\/div>\n\t\t\t\t<\/div>\n\t\t\t\t\t<\/div>\n\t\t\t\t<\/div>\n\t\t<div class=\"elementor-element elementor-element-ecace5e e-flex e-con-boxed e-con e-parent\" data-id=\"ecace5e\" data-element_type=\"container\" data-settings=\"{&quot;background_background&quot;:&quot;classic&quot;}\">\n\t\t\t\t\t<div class=\"e-con-inner\">\n\t\t\t\t<div class=\"elementor-element elementor-element-260edd9 elementor-widget__width-inherit elementor-widget elementor-widget-html\" data-id=\"260edd9\" data-element_type=\"widget\" data-widget_type=\"html.default\">\n\t\t\t\t<div class=\"elementor-widget-container\">\n\t\t\t\t\t<iframe style=\"width: 100%; border: 0\" src=\"https:\/\/saiti.bonkdo.com?embed=true&hide_main_title_description=false&hide_footer=false&hide_whychooseus=false&hide_create_money_pot=false&hide_group_payment=false&hide_shared_gifts_header=false&hide_whole_shared_gifts=false&hide_giftcards=false&hide_vouchers=false\"><\/iframe><script src=\"https:\/\/saiti.bonkdo.com\/static\/js\/iframeResizer.min.js\"><\/script><script>iFrameResize()<\/script>\n\t\t\t\t<\/div>\n\t\t\t\t<\/div>\n\t\t\t\t\t<\/div>\n\t\t\t\t<\/div>\n\t\t\t\t<\/div>\n\t\t","protected":false},"excerpt":{"rendered":"<p>Gift Saiti Gift a culinary experience that will be remembered. At Saiti, each gift voucher is an invitation to enjoy special moments, surrounded by unique flavors and a cozy atmosphere. It\u2019s more than just a meal; it\u2019s a gesture of love that allows your loved ones to experience something they will cherish.<\/p>\n","protected":false},"author":1,"featured_media":1994,"parent":0,"menu_order":0,"comment_status":"closed","ping_status":"closed","template":"","meta":{"footnotes":""},"class_list":["post-2061","page","type-page","status-publish","has-post-thumbnail","hentry"],"yoast_head":"<!-- This site is optimized with the Yoast SEO plugin v25.0 - https:\/\/yoast.com\/wordpress\/plugins\/seo\/ -->\n<title>Gift Voucher at Saiti Restaurant (Valencia)<\/title>\n<meta name=\"description\" content=\"Give the gift of a gastronomic experience at Saiti Restaurant in Valencia. Choose the gift voucher that best suits your needs.\" \/>\n<meta name=\"robots\" content=\"index, follow, max-snippet:-1, max-image-preview:large, max-video-preview:-1\" \/>\n<link rel=\"canonical\" href=\"https:\/\/www.saiti.es\/en\/gift\/\" \/>\n<meta property=\"og:locale\" content=\"en_US\" \/>\n<meta property=\"og:type\" content=\"article\" \/>\n<meta property=\"og:title\" content=\"Gift Voucher at Saiti Restaurant (Valencia)\" \/>\n<meta property=\"og:description\" content=\"Give the gift of a gastronomic experience at Saiti Restaurant in Valencia. Choose the gift voucher that best suits your needs.\" \/>\n<meta property=\"og:url\" content=\"https:\/\/www.saiti.es\/en\/gift\/\" \/>\n<meta property=\"og:site_name\" content=\"Restaurante Saiti\" \/>\n<meta property=\"article:publisher\" content=\"https:\/\/www.facebook.com\/saitiexperiencevalencia\" \/>\n<meta property=\"article:modified_time\" content=\"2025-11-13T15:38:39+00:00\" \/>\n<meta property=\"og:image\" content=\"https:\/\/www.saiti.es\/wp-content\/uploads\/2022\/11\/Vale_regalo_Saiti_Lo_Rat_Penat_maridaje_largo.webp\" \/>\n\t<meta property=\"og:image:width\" content=\"800\" \/>\n\t<meta property=\"og:image:height\" content=\"534\" \/>\n\t<meta property=\"og:image:type\" content=\"image\/webp\" \/>\n<meta name=\"twitter:card\" content=\"summary_large_image\" \/>\n<meta name=\"twitter:title\" content=\"Gift Voucher at Saiti Restaurant (Valencia)\" \/>\n<meta name=\"twitter:description\" content=\"Give the gift of a gastronomic experience at Saiti Restaurant in Valencia. Choose the gift voucher that best suits your needs.\" \/>\n<meta name=\"twitter:image\" content=\"https:\/\/www.saiti.es\/wp-content\/uploads\/2022\/11\/Vale_regalo_Saiti_Lo_Rat_Penat_maridaje_largo.webp\" \/>\n<meta name=\"twitter:site\" content=\"@saitiexperience\" \/>\n<meta name=\"twitter:label1\" content=\"Est. reading time\" \/>\n\t<meta name=\"twitter:data1\" content=\"1 minute\" \/>\n<script type=\"application\/ld+json\" class=\"yoast-schema-graph\">{\"@context\":\"https:\/\/schema.org\",\"@graph\":[{\"@type\":\"WebPage\",\"@id\":\"https:\/\/www.saiti.es\/en\/gift\/\",\"url\":\"https:\/\/www.saiti.es\/en\/gift\/\",\"name\":\"Gift Voucher at Saiti Restaurant (Valencia)\",\"isPartOf\":{\"@id\":\"https:\/\/www.saiti.es\/#website\"},\"primaryImageOfPage\":{\"@id\":\"https:\/\/www.saiti.es\/en\/gift\/#primaryimage\"},\"image\":{\"@id\":\"https:\/\/www.saiti.es\/en\/gift\/#primaryimage\"},\"thumbnailUrl\":\"https:\/\/www.saiti.es\/wp-content\/uploads\/2022\/11\/Vale_regalo_Saiti_Lo_Rat_Penat_maridaje_largo.webp\",\"datePublished\":\"2022-12-09T14:00:43+00:00\",\"dateModified\":\"2025-11-13T15:38:39+00:00\",\"description\":\"Give the gift of a gastronomic experience at Saiti Restaurant in Valencia. Choose the gift voucher that best suits your needs.\",\"breadcrumb\":{\"@id\":\"https:\/\/www.saiti.es\/en\/gift\/#breadcrumb\"},\"inLanguage\":\"en-US\",\"potentialAction\":[{\"@type\":\"ReadAction\",\"target\":[\"https:\/\/www.saiti.es\/en\/gift\/\"]}]},{\"@type\":\"ImageObject\",\"inLanguage\":\"en-US\",\"@id\":\"https:\/\/www.saiti.es\/en\/gift\/#primaryimage\",\"url\":\"https:\/\/www.saiti.es\/wp-content\/uploads\/2022\/11\/Vale_regalo_Saiti_Lo_Rat_Penat_maridaje_largo.webp\",\"contentUrl\":\"https:\/\/www.saiti.es\/wp-content\/uploads\/2022\/11\/Vale_regalo_Saiti_Lo_Rat_Penat_maridaje_largo.webp\",\"width\":800,\"height\":534},{\"@type\":\"BreadcrumbList\",\"@id\":\"https:\/\/www.saiti.es\/en\/gift\/#breadcrumb\",\"itemListElement\":[{\"@type\":\"ListItem\",\"position\":1,\"name\":\"Saiti\",\"item\":\"https:\/\/www.saiti.es\/en\/\"},{\"@type\":\"ListItem\",\"position\":2,\"name\":\"Gift\"}]},{\"@type\":\"WebSite\",\"@id\":\"https:\/\/www.saiti.es\/#website\",\"url\":\"https:\/\/www.saiti.es\/\",\"name\":\"Restaurante Saiti (Valencia)\",\"description\":\"Restaurante Saiti (Valencia) de Vicente Pati\u00f1o, cocina de temporada, respetando la tradici\u00f3n y el producto. 2 Soles Gu\u00eda Repsol y Michelin 2022.\",\"publisher\":{\"@id\":\"https:\/\/www.saiti.es\/#organization\"},\"alternateName\":\"Restaurante Saiti - Vicente Pati\u00f1o\",\"potentialAction\":[{\"@type\":\"SearchAction\",\"target\":{\"@type\":\"EntryPoint\",\"urlTemplate\":\"https:\/\/www.saiti.es\/?s={search_term_string}\"},\"query-input\":{\"@type\":\"PropertyValueSpecification\",\"valueRequired\":true,\"valueName\":\"search_term_string\"}}],\"inLanguage\":\"en-US\"},{\"@type\":\"Organization\",\"@id\":\"https:\/\/www.saiti.es\/#organization\",\"name\":\"Restaurante Saiti\",\"alternateName\":\"Saiti\",\"url\":\"https:\/\/www.saiti.es\/\",\"logo\":{\"@type\":\"ImageObject\",\"inLanguage\":\"en-US\",\"@id\":\"https:\/\/www.saiti.es\/#\/schema\/logo\/image\/\",\"url\":\"https:\/\/www.saiti.es\/wp-content\/uploads\/2022\/11\/LogoSaitiBlanco_512-1.webp\",\"contentUrl\":\"https:\/\/www.saiti.es\/wp-content\/uploads\/2022\/11\/LogoSaitiBlanco_512-1.webp\",\"width\":512,\"height\":512,\"caption\":\"Restaurante Saiti\"},\"image\":{\"@id\":\"https:\/\/www.saiti.es\/#\/schema\/logo\/image\/\"},\"sameAs\":[\"https:\/\/www.facebook.com\/saitiexperiencevalencia\",\"https:\/\/x.com\/saitiexperience\",\"https:\/\/www.instagram.com\/saitiexperience\/\"]}]}<\/script>\n<!-- \/ Yoast SEO plugin. -->","yoast_head_json":{"title":"Gift Voucher at Saiti Restaurant (Valencia)","description":"Give the gift of a gastronomic experience at Saiti Restaurant in Valencia. Choose the gift voucher that best suits your needs.","robots":{"index":"index","follow":"follow","max-snippet":"max-snippet:-1","max-image-preview":"max-image-preview:large","max-video-preview":"max-video-preview:-1"},"canonical":"https:\/\/www.saiti.es\/en\/gift\/","og_locale":"en_US","og_type":"article","og_title":"Gift Voucher at Saiti Restaurant (Valencia)","og_description":"Give the gift of a gastronomic experience at Saiti Restaurant in Valencia. Choose the gift voucher that best suits your needs.","og_url":"https:\/\/www.saiti.es\/en\/gift\/","og_site_name":"Restaurante Saiti","article_publisher":"https:\/\/www.facebook.com\/saitiexperiencevalencia","article_modified_time":"2025-11-13T15:38:39+00:00","og_image":[{"width":800,"height":534,"url":"https:\/\/www.saiti.es\/wp-content\/uploads\/2022\/11\/Vale_regalo_Saiti_Lo_Rat_Penat_maridaje_largo.webp","type":"image\/webp"}],"twitter_card":"summary_large_image","twitter_title":"Gift Voucher at Saiti Restaurant (Valencia)","twitter_description":"Give the gift of a gastronomic experience at Saiti Restaurant in Valencia. Choose the gift voucher that best suits your needs.","twitter_image":"https:\/\/www.saiti.es\/wp-content\/uploads\/2022\/11\/Vale_regalo_Saiti_Lo_Rat_Penat_maridaje_largo.webp","twitter_site":"@saitiexperience","twitter_misc":{"Est. reading time":"1 minute"},"schema":{"@context":"https:\/\/schema.org","@graph":[{"@type":"WebPage","@id":"https:\/\/www.saiti.es\/en\/gift\/","url":"https:\/\/www.saiti.es\/en\/gift\/","name":"Gift Voucher at Saiti Restaurant (Valencia)","isPartOf":{"@id":"https:\/\/www.saiti.es\/#website"},"primaryImageOfPage":{"@id":"https:\/\/www.saiti.es\/en\/gift\/#primaryimage"},"image":{"@id":"https:\/\/www.saiti.es\/en\/gift\/#primaryimage"},"thumbnailUrl":"https:\/\/www.saiti.es\/wp-content\/uploads\/2022\/11\/Vale_regalo_Saiti_Lo_Rat_Penat_maridaje_largo.webp","datePublished":"2022-12-09T14:00:43+00:00","dateModified":"2025-11-13T15:38:39+00:00","description":"Give the gift of a gastronomic experience at Saiti Restaurant in Valencia. Choose the gift voucher that best suits your needs.","breadcrumb":{"@id":"https:\/\/www.saiti.es\/en\/gift\/#breadcrumb"},"inLanguage":"en-US","potentialAction":[{"@type":"ReadAction","target":["https:\/\/www.saiti.es\/en\/gift\/"]}]},{"@type":"ImageObject","inLanguage":"en-US","@id":"https:\/\/www.saiti.es\/en\/gift\/#primaryimage","url":"https:\/\/www.saiti.es\/wp-content\/uploads\/2022\/11\/Vale_regalo_Saiti_Lo_Rat_Penat_maridaje_largo.webp","contentUrl":"https:\/\/www.saiti.es\/wp-content\/uploads\/2022\/11\/Vale_regalo_Saiti_Lo_Rat_Penat_maridaje_largo.webp","width":800,"height":534},{"@type":"BreadcrumbList","@id":"https:\/\/www.saiti.es\/en\/gift\/#breadcrumb","itemListElement":[{"@type":"ListItem","position":1,"name":"Saiti","item":"https:\/\/www.saiti.es\/en\/"},{"@type":"ListItem","position":2,"name":"Gift"}]},{"@type":"WebSite","@id":"https:\/\/www.saiti.es\/#website","url":"https:\/\/www.saiti.es\/","name":"Restaurante Saiti (Valencia)","description":"Restaurante Saiti (Valencia) de Vicente Pati\u00f1o, cocina de temporada, respetando la tradici\u00f3n y el producto. 2 Soles Gu\u00eda Repsol y Michelin 2022.","publisher":{"@id":"https:\/\/www.saiti.es\/#organization"},"alternateName":"Restaurante Saiti - Vicente Pati\u00f1o","potentialAction":[{"@type":"SearchAction","target":{"@type":"EntryPoint","urlTemplate":"https:\/\/www.saiti.es\/?s={search_term_string}"},"query-input":{"@type":"PropertyValueSpecification","valueRequired":true,"valueName":"search_term_string"}}],"inLanguage":"en-US"},{"@type":"Organization","@id":"https:\/\/www.saiti.es\/#organization","name":"Restaurante Saiti","alternateName":"Saiti","url":"https:\/\/www.saiti.es\/","logo":{"@type":"ImageObject","inLanguage":"en-US","@id":"https:\/\/www.saiti.es\/#\/schema\/logo\/image\/","url":"https:\/\/www.saiti.es\/wp-content\/uploads\/2022\/11\/LogoSaitiBlanco_512-1.webp","contentUrl":"https:\/\/www.saiti.es\/wp-content\/uploads\/2022\/11\/LogoSaitiBlanco_512-1.webp","width":512,"height":512,"caption":"Restaurante Saiti"},"image":{"@id":"https:\/\/www.saiti.es\/#\/schema\/logo\/image\/"},"sameAs":["https:\/\/www.facebook.com\/saitiexperiencevalencia","https:\/\/x.com\/saitiexperience","https:\/\/www.instagram.com\/saitiexperience\/"]}]}},"_links":{"self":[{"href":"https:\/\/www.saiti.es\/en\/wp-json\/wp\/v2\/pages\/2061","targetHints":{"allow":["GET"]}}],"collection":[{"href":"https:\/\/www.saiti.es\/en\/wp-json\/wp\/v2\/pages"}],"about":[{"href":"https:\/\/www.saiti.es\/en\/wp-json\/wp\/v2\/types\/page"}],"author":[{"embeddable":true,"href":"https:\/\/www.saiti.es\/en\/wp-json\/wp\/v2\/users\/1"}],"replies":[{"embeddable":true,"href":"https:\/\/www.saiti.es\/en\/wp-json\/wp\/v2\/comments?post=2061"}],"version-history":[{"count":23,"href":"https:\/\/www.saiti.es\/en\/wp-json\/wp\/v2\/pages\/2061\/revisions"}],"predecessor-version":[{"id":5806,"href":"https:\/\/www.saiti.es\/en\/wp-json\/wp\/v2\/pages\/2061\/revisions\/5806"}],"wp:featuredmedia":[{"embeddable":true,"href":"https:\/\/www.saiti.es\/en\/wp-json\/wp\/v2\/media\/1994"}],"wp:attachment":[{"href":"https:\/\/www.saiti.es\/en\/wp-json\/wp\/v2\/media?parent=2061"}],"curies":[{"name":"wp","href":"https:\/\/api.w.org\/{rel}","templated":true}]}}